{"id":134,"date":"2021-05-15T10:54:29","date_gmt":"2021-05-15T08:54:29","guid":{"rendered":"http:\/\/www.club-canin-erstein.fr\/?page_id=134"},"modified":"2025-05-25T23:02:31","modified_gmt":"2025-05-25T21:02:31","slug":"les-activites","status":"publish","type":"page","link":"https:\/\/www.club-canin-erstein.fr\/index.php\/les-activites\/","title":{"rendered":"Les activit\u00e9s"},"content":{"rendered":"\n<p class=\"has-medium-font-size\">Le Training Club Canin d\u2019Erstein vous propose diff\u00e9rentes disciplines et activit\u00e9s. Que ce soit \u00e0 des fin ludiques, ou par envie de percer en comp\u00e9tition, le club est la pour vous aider \u00e0 r\u00e9aliser vos ambitions.<\/p>\n\n\n\n<p class=\"has-text-align-center has-black-color has-light-green-cyan-background-color has-text-color has-background has-medium-font-size\">L&rsquo;\u00e9cole des chiots<\/p>\n\n\n\n<div class=\"wp-block-columns is-layout-flex wp-container-core-columns-is-layout-9d6595d7 wp-block-columns-is-layout-flex\">\n<div class=\"wp-block-column is-layout-flow wp-block-column-is-layout-flow\"><\/div>\n\n\n\n<div class=\"wp-block-column is-layout-flow wp-block-column-is-layout-flow\">\n<p><\/p>\n\n\n\n<p class=\"has-medium-font-size\">L\u2019\u00e9cole des chiots, \u00e9tape capitale dans le d\u00e9veloppement de votre nouveau compagnon.<\/p>\n\n\n\n<p><br><a href=\"https:\/\/www.club-canin-erstein.fr\/index.php\/lecole-de-chiots\/\" data-type=\"URL\" data-id=\"https:\/\/www.club-canin-erstein.fr\/index.php\/lecole-de-chiots\/\">Tous les d\u00e9tail ici.<\/a><\/p>\n<\/div>\n<\/div>\n\n\n\n<p class=\"has-text-align-center has-black-color has-light-green-cyan-background-color has-text-color has-background has-medium-font-size\">L&rsquo;\u00e9ducation canine<\/p>\n\n\n\n<div class=\"wp-block-columns is-layout-flex wp-container-core-columns-is-layout-9d6595d7 wp-block-columns-is-layout-flex\">\n<div class=\"wp-block-column is-layout-flow wp-block-column-is-layout-flow\"><\/div>\n\n\n\n<div class=\"wp-block-column is-layout-flow wp-block-column-is-layout-flow\">\n<p><\/p>\n\n\n\n<p class=\"has-medium-font-size\">Pour acqu\u00e9rir, ou compl\u00e9ter  les bases indispensables \u00e0 l\u2019\u00e9ducation du chien.<\/p>\n\n\n\n<p class=\"has-medium-font-size\"><br><a href=\"https:\/\/www.club-canin-erstein.fr\/index.php\/leducation-canine\/\" data-type=\"URL\" data-id=\"https:\/\/www.club-canin-erstein.fr\/index.php\/leducation-canine\/\">Tous les d\u00e9tail ici.<\/a><\/p>\n<\/div>\n<\/div>\n\n\n\n<p><\/p>\n","protected":false},"excerpt":{"rendered":"<p>Le Training Club Canin d\u2019Erstein vous propose diff\u00e9rentes disciplines et activit\u00e9s. Que ce soit \u00e0 des fin ludiques, ou par&hellip;<\/p>\n","protected":false},"author":1,"featured_media":0,"parent":0,"menu_order":0,"comment_status":"closed","ping_status":"closed","template":"","meta":{"footnotes":""},"class_list":["post-134","page","type-page","status-publish","hentry"],"_links":{"self":[{"href":"https:\/\/www.club-canin-erstein.fr\/index.php\/wp-json\/wp\/v2\/pages\/134","targetHints":{"allow":["GET"]}}],"collection":[{"href":"https:\/\/www.club-canin-erstein.fr\/index.php\/wp-json\/wp\/v2\/pages"}],"about":[{"href":"https:\/\/www.club-canin-erstein.fr\/index.php\/wp-json\/wp\/v2\/types\/page"}],"author":[{"embeddable":true,"href":"https:\/\/www.club-canin-erstein.fr\/index.php\/wp-json\/wp\/v2\/users\/1"}],"replies":[{"embeddable":true,"href":"https:\/\/www.club-canin-erstein.fr\/index.php\/wp-json\/wp\/v2\/comments?post=134"}],"version-history":[{"count":12,"href":"https:\/\/www.club-canin-erstein.fr\/index.php\/wp-json\/wp\/v2\/pages\/134\/revisions"}],"predecessor-version":[{"id":1196,"href":"https:\/\/www.club-canin-erstein.fr\/index.php\/wp-json\/wp\/v2\/pages\/134\/revisions\/1196"}],"wp:attachment":[{"href":"https:\/\/www.club-canin-erstein.fr\/index.php\/wp-json\/wp\/v2\/media?parent=134"}],"curies":[{"name":"wp","href":"https:\/\/api.w.org\/{rel}","templated":true}]}}