{"id":453,"date":"2022-12-01T23:11:52","date_gmt":"2022-12-01T22:11:52","guid":{"rendered":"http:\/\/www.club-canin-erstein.fr\/?page_id=453"},"modified":"2025-11-17T23:43:19","modified_gmt":"2025-11-17T22:43:19","slug":"les-moniteurs","status":"publish","type":"page","link":"https:\/\/www.club-canin-erstein.fr\/index.php\/les-moniteurs\/","title":{"rendered":"Les Moniteurs"},"content":{"rendered":"\n<p class=\"has-text-align-center has-black-color has-cyan-bluish-gray-background-color has-text-color has-background has-medium-font-size\"><strong>L&rsquo;\u00e9cole des chiots<\/strong><\/p>\n\n\n\n<div class=\"wp-block-media-text is-stacked-on-mobile\" style=\"grid-template-columns:18% auto\"><figure class=\"wp-block-media-text__media\"><img loading=\"lazy\" decoding=\"async\" width=\"372\" height=\"449\" src=\"https:\/\/www.club-canin-erstein.fr\/wp-content\/uploads\/2022\/11\/Vanessa.jpg\" alt=\"\" class=\"wp-image-422 size-medium\" srcset=\"https:\/\/www.club-canin-erstein.fr\/wp-content\/uploads\/2022\/11\/Vanessa.jpg 372w, https:\/\/www.club-canin-erstein.fr\/wp-content\/uploads\/2022\/11\/Vanessa-249x300.jpg 249w\" sizes=\"auto, (max-width: 372px) 100vw, 372px\" \/><\/figure><div class=\"wp-block-media-text__content\">\n<p><strong>Vanessa Hiss<\/strong><\/p>\n\n\n\n<ul class=\"wp-block-list\">\n<li>Responsable de la section.<\/li>\n\n\n\n<li>Monitrice.<\/li>\n<\/ul>\n<\/div><\/div>\n\n\n\n<hr class=\"wp-block-separator has-alpha-channel-opacity\"\/>\n\n\n\n<div class=\"wp-block-media-text is-stacked-on-mobile\" style=\"grid-template-columns:18% auto\"><figure class=\"wp-block-media-text__media\"><img loading=\"lazy\" decoding=\"async\" width=\"244\" height=\"300\" src=\"https:\/\/www.club-canin-erstein.fr\/wp-content\/uploads\/2022\/11\/Christine-244x300.jpg\" alt=\"\" class=\"wp-image-413 size-medium\" srcset=\"https:\/\/www.club-canin-erstein.fr\/wp-content\/uploads\/2022\/11\/Christine-244x300.jpg 244w, https:\/\/www.club-canin-erstein.fr\/wp-content\/uploads\/2022\/11\/Christine.jpg 341w\" sizes=\"auto, (max-width: 244px) 100vw, 244px\" \/><\/figure><div class=\"wp-block-media-text__content\">\n<p><strong>Christine Muller<\/strong><\/p>\n\n\n\n<p>Monitrice.<\/p>\n<\/div><\/div>\n\n\n\n<hr class=\"wp-block-separator has-alpha-channel-opacity\"\/>\n\n\n\n<div class=\"wp-block-media-text is-stacked-on-mobile\" style=\"grid-template-columns:18% auto\"><figure class=\"wp-block-media-text__media\"><img loading=\"lazy\" decoding=\"async\" width=\"678\" height=\"797\" src=\"https:\/\/www.club-canin-erstein.fr\/wp-content\/uploads\/2023\/04\/Myriam2.jpg\" alt=\"\" class=\"wp-image-502 size-medium\" srcset=\"https:\/\/www.club-canin-erstein.fr\/wp-content\/uploads\/2023\/04\/Myriam2.jpg 678w, https:\/\/www.club-canin-erstein.fr\/wp-content\/uploads\/2023\/04\/Myriam2-255x300.jpg 255w\" sizes=\"auto, (max-width: 678px) 100vw, 678px\" \/><\/figure><div class=\"wp-block-media-text__content\">\n<p><strong>Myriam<\/strong> <strong>Roussel<\/strong><\/p>\n\n\n\n<ul class=\"wp-block-list\">\n<li>Monitrice.<\/li>\n<\/ul>\n<\/div><\/div>\n\n\n\n<p class=\"has-text-align-center has-black-color has-cyan-bluish-gray-background-color has-text-color has-background has-medium-font-size\"><strong>L&rsquo;\u00e9ducation canine<\/strong><\/p>\n\n\n\n<hr class=\"wp-block-separator has-alpha-channel-opacity\"\/>\n\n\n\n<div class=\"wp-block-media-text is-stacked-on-mobile\" style=\"grid-template-columns:18% auto\"><figure class=\"wp-block-media-text__media\"><img loading=\"lazy\" decoding=\"async\" width=\"140\" height=\"147\" src=\"https:\/\/www.club-canin-erstein.fr\/wp-content\/uploads\/2022\/11\/Didier-1.jpg\" alt=\"\" class=\"wp-image-426 size-full\"\/><\/figure><div class=\"wp-block-media-text__content\">\n<p><strong>Didier Hinnewinkel<\/strong><\/p>\n\n\n\n<ul class=\"wp-block-list\">\n<li>Responsable du site Internet.<\/li>\n\n\n\n<li>Responsable moniteurs.<\/li>\n\n\n\n<li>Moniteur d\u2019\u00e9ducation canine dipl\u00f4m\u00e9 MEC 2<sup>eme<\/sup> degr\u00e9.<\/li>\n\n\n\n<li>Conducteur I.G.P.<\/li>\n<\/ul>\n<\/div><\/div>\n\n\n\n<hr class=\"wp-block-separator has-alpha-channel-opacity\"\/>\n\n\n\n<div class=\"wp-block-media-text is-stacked-on-mobile\" style=\"grid-template-columns:18% auto\"><figure class=\"wp-block-media-text__media\"><img loading=\"lazy\" decoding=\"async\" width=\"336\" height=\"378\" src=\"https:\/\/www.club-canin-erstein.fr\/wp-content\/uploads\/2022\/11\/Seb.jpg\" alt=\"\" class=\"wp-image-420 size-medium\" srcset=\"https:\/\/www.club-canin-erstein.fr\/wp-content\/uploads\/2022\/11\/Seb.jpg 336w, https:\/\/www.club-canin-erstein.fr\/wp-content\/uploads\/2022\/11\/Seb-267x300.jpg 267w\" sizes=\"auto, (max-width: 336px) 100vw, 336px\" \/><\/figure><div class=\"wp-block-media-text__content\">\n<p><strong>S\u00e9bastien Dietrich<\/strong><\/p>\n\n\n\n<ul class=\"wp-block-list\">\n<li>Moniteur d\u2019\u00e9ducation.<\/li>\n<\/ul>\n<\/div><\/div>\n\n\n\n<hr class=\"wp-block-separator has-alpha-channel-opacity\"\/>\n\n\n\n<div class=\"wp-block-media-text is-stacked-on-mobile\" style=\"grid-template-columns:18% auto\"><figure class=\"wp-block-media-text__media\"><img loading=\"lazy\" decoding=\"async\" width=\"251\" height=\"191\" src=\"https:\/\/www.club-canin-erstein.fr\/wp-content\/uploads\/2025\/01\/Logo-TCCE-2025-250x190-1.jpg\" alt=\"\" class=\"wp-image-787 size-medium\"\/><\/figure><div class=\"wp-block-media-text__content\">\n<p><strong>Lucien Fuhrmann<\/strong><\/p>\n\n\n\n<ul class=\"wp-block-list\">\n<li>Moniteur d\u2019\u00e9ducation.<\/li>\n<\/ul>\n<\/div><\/div>\n\n\n\n<hr class=\"wp-block-separator has-alpha-channel-opacity\"\/>\n\n\n\n<p class=\"has-text-align-center has-black-color has-cyan-bluish-gray-background-color has-text-color has-background has-medium-font-size\"><strong>L&rsquo;agility<\/strong><\/p>\n\n\n\n<div class=\"wp-block-media-text is-stacked-on-mobile\" style=\"grid-template-columns:18% auto\"><figure class=\"wp-block-media-text__media\"><img loading=\"lazy\" decoding=\"async\" width=\"255\" height=\"300\" src=\"https:\/\/www.club-canin-erstein.fr\/wp-content\/uploads\/2022\/11\/Rany-255x300.jpg\" alt=\"\" class=\"wp-image-419 size-medium\" srcset=\"https:\/\/www.club-canin-erstein.fr\/wp-content\/uploads\/2022\/11\/Rany-255x300.jpg 255w, https:\/\/www.club-canin-erstein.fr\/wp-content\/uploads\/2022\/11\/Rany.jpg 369w\" sizes=\"auto, (max-width: 255px) 100vw, 255px\" \/><\/figure><div class=\"wp-block-media-text__content\">\n<p><strong>Rany Wolffer<\/strong><\/p>\n\n\n\n<ul class=\"wp-block-list\">\n<li>Responsable de la section.<\/li>\n\n\n\n<li>Monitrice d\u2019agility dipl\u00f4m\u00e9e MAG 1.<\/li>\n<\/ul>\n<\/div><\/div>\n\n\n\n<hr class=\"wp-block-separator has-alpha-channel-opacity\"\/>\n\n\n\n<div class=\"wp-block-media-text is-stacked-on-mobile\" style=\"grid-template-columns:18% auto\"><figure class=\"wp-block-media-text__media\"><img loading=\"lazy\" decoding=\"async\" width=\"241\" height=\"300\" src=\"https:\/\/www.club-canin-erstein.fr\/wp-content\/uploads\/2022\/11\/Angelique-241x300.jpg\" alt=\"\" class=\"wp-image-411 size-medium\" srcset=\"https:\/\/www.club-canin-erstein.fr\/wp-content\/uploads\/2022\/11\/Angelique-241x300.jpg 241w, https:\/\/www.club-canin-erstein.fr\/wp-content\/uploads\/2022\/11\/Angelique.jpg 322w\" sizes=\"auto, (max-width: 241px) 100vw, 241px\" \/><\/figure><div class=\"wp-block-media-text__content\">\n<p><strong>Ang\u00e9lique Roettel\u00e9<\/strong><\/p>\n\n\n\n<ul class=\"wp-block-list\">\n<li>Monitrice d\u2019agility dipl\u00f4m\u00e9e MEC 1 et MAG 1.<\/li>\n<\/ul>\n<\/div><\/div>\n\n\n\n<hr class=\"wp-block-separator has-alpha-channel-opacity\"\/>\n\n\n\n<p class=\"has-text-align-center has-black-color has-cyan-bluish-gray-background-color has-text-color has-background has-medium-font-size\"><strong>L&rsquo;IGP<\/strong><\/p>\n\n\n\n<div class=\"wp-block-media-text is-stacked-on-mobile\" style=\"grid-template-columns:18% auto\"><figure class=\"wp-block-media-text__media\"><img loading=\"lazy\" decoding=\"async\" width=\"348\" height=\"445\" src=\"https:\/\/www.club-canin-erstein.fr\/wp-content\/uploads\/2022\/11\/JMR-1.jpg\" alt=\"\" class=\"wp-image-423 size-medium\" srcset=\"https:\/\/www.club-canin-erstein.fr\/wp-content\/uploads\/2022\/11\/JMR-1.jpg 348w, https:\/\/www.club-canin-erstein.fr\/wp-content\/uploads\/2022\/11\/JMR-1-235x300.jpg 235w\" sizes=\"auto, (max-width: 348px) 100vw, 348px\" \/><\/figure><div class=\"wp-block-media-text__content\">\n<p><strong>Jean-Marie Rohmer<\/strong><\/p>\n\n\n\n<ul class=\"wp-block-list\">\n<li>Responsable IGP.<\/li>\n\n\n\n<li>Moniteur IGP habilit\u00e9 au mordant.<\/li>\n\n\n\n<li>Moniteur d\u2019\u00e9ducation canine dipl\u00f4m\u00e9 MEC 2<sup>eme<\/sup> degr\u00e9.<\/li>\n\n\n\n<li>Eleveur de Berger Allemand.<\/li>\n\n\n\n<li>Conducteur IGP.<\/li>\n<\/ul>\n<\/div><\/div>\n\n\n\n<hr class=\"wp-block-separator has-alpha-channel-opacity\"\/>\n\n\n\n<div class=\"wp-block-media-text is-stacked-on-mobile\" style=\"grid-template-columns:18% auto\"><figure class=\"wp-block-media-text__media\"><img decoding=\"async\" src=\"https:\/\/www.club-canin-erstein.fr\/wp-content\/uploads\/2022\/11\/Denis-248x300.jpg\" alt=\"\" class=\"wp-image-414 size-medium\"\/><\/figure><div class=\"wp-block-media-text__content\">\n<p><strong>Denis Beck<\/strong><\/p>\n\n\n\n<ul class=\"wp-block-list\">\n<li>Responsable des ext\u00e9rieurs.<\/li>\n\n\n\n<li>Moniteur IGP.<\/li>\n\n\n\n<li>Eleveur de Berger Allemand.<\/li>\n\n\n\n<li>Conducteur IGP.<\/li>\n<\/ul>\n<\/div><\/div>\n\n\n\n<hr class=\"wp-block-separator has-alpha-channel-opacity\"\/>\n\n\n\n<div class=\"wp-block-media-text is-stacked-on-mobile\" style=\"grid-template-columns:18% auto\"><figure class=\"wp-block-media-text__media\"><img loading=\"lazy\" decoding=\"async\" width=\"297\" height=\"391\" src=\"https:\/\/www.club-canin-erstein.fr\/wp-content\/uploads\/2022\/11\/Sylvain.jpg\" alt=\"\" class=\"wp-image-421 size-medium\" srcset=\"https:\/\/www.club-canin-erstein.fr\/wp-content\/uploads\/2022\/11\/Sylvain.jpg 297w, https:\/\/www.club-canin-erstein.fr\/wp-content\/uploads\/2022\/11\/Sylvain-228x300.jpg 228w\" sizes=\"auto, (max-width: 297px) 100vw, 297px\" \/><\/figure><div class=\"wp-block-media-text__content\">\n<p><strong>Sylvain Pastorelli<\/strong><\/p>\n\n\n\n<ul class=\"wp-block-list\">\n<li>Homme assistant.<\/li>\n\n\n\n<li>Conducteur IGP.<\/li>\n<\/ul>\n<\/div><\/div>\n\n\n\n<hr class=\"wp-block-separator has-alpha-channel-opacity\"\/>\n\n\n\n<div class=\"wp-block-media-text is-stacked-on-mobile\" style=\"grid-template-columns:18% auto\"><figure class=\"wp-block-media-text__media\"><img loading=\"lazy\" decoding=\"async\" width=\"336\" height=\"378\" src=\"https:\/\/www.club-canin-erstein.fr\/wp-content\/uploads\/2022\/11\/Seb.jpg\" alt=\"\" class=\"wp-image-420 size-medium\" srcset=\"https:\/\/www.club-canin-erstein.fr\/wp-content\/uploads\/2022\/11\/Seb.jpg 336w, https:\/\/www.club-canin-erstein.fr\/wp-content\/uploads\/2022\/11\/Seb-267x300.jpg 267w\" sizes=\"auto, (max-width: 336px) 100vw, 336px\" \/><\/figure><div class=\"wp-block-media-text__content\">\n<p><strong>S\u00e9bastien Dietrich<\/strong><\/p>\n\n\n\n<ul class=\"wp-block-list\">\n<li>Homme assistant.<\/li>\n<\/ul>\n<\/div><\/div>\n\n\n\n<hr class=\"wp-block-separator has-alpha-channel-opacity\"\/>\n\n\n\n<p class=\"has-text-align-center has-black-color has-cyan-bluish-gray-background-color has-text-color has-background has-medium-font-size\"><strong>Le pistage F.H.<\/strong><\/p>\n\n\n\n<div class=\"wp-block-media-text is-stacked-on-mobile\" style=\"grid-template-columns:18% auto\"><figure class=\"wp-block-media-text__media\"><img decoding=\"async\" src=\"https:\/\/www.club-canin-erstein.fr\/wp-content\/uploads\/2023\/03\/Bernard.jpg\" alt=\"\" class=\"wp-image-472 size-medium\"\/><\/figure><div class=\"wp-block-media-text__content\">\n<p><strong>Bernard Schneider<\/strong><\/p>\n\n\n\n<p>Responsable pistage F.H.<br><\/p>\n<\/div><\/div>\n\n\n\n<hr class=\"wp-block-separator has-alpha-channel-opacity\"\/>\n\n\n\n<p class=\"has-text-align-center has-black-color has-cyan-bluish-gray-background-color has-text-color has-background has-medium-font-size\"><strong>L<\/strong>&lsquo;Obeissance<\/p>\n\n\n\n<div class=\"wp-block-media-text is-stacked-on-mobile\" style=\"grid-template-columns:18% auto\"><figure class=\"wp-block-media-text__media\"><img loading=\"lazy\" decoding=\"async\" width=\"768\" height=\"1024\" src=\"https:\/\/www.club-canin-erstein.fr\/wp-content\/uploads\/2025\/11\/Thierry-Kollros-768x1024.jpg\" alt=\"\" class=\"wp-image-1203 size-medium\" srcset=\"https:\/\/www.club-canin-erstein.fr\/wp-content\/uploads\/2025\/11\/Thierry-Kollros-768x1024.jpg 768w, https:\/\/www.club-canin-erstein.fr\/wp-content\/uploads\/2025\/11\/Thierry-Kollros-225x300.jpg 225w, https:\/\/www.club-canin-erstein.fr\/wp-content\/uploads\/2025\/11\/Thierry-Kollros-1152x1536.jpg 1152w, https:\/\/www.club-canin-erstein.fr\/wp-content\/uploads\/2025\/11\/Thierry-Kollros-1536x2048.jpg 1536w, https:\/\/www.club-canin-erstein.fr\/wp-content\/uploads\/2025\/11\/Thierry-Kollros-scaled.jpg 1920w\" sizes=\"auto, (max-width: 768px) 100vw, 768px\" \/><\/figure><div class=\"wp-block-media-text__content\">\n<p><strong>Thierry Kollros<\/strong><\/p>\n\n\n\n<p>Responsable section obeissance.<br><\/p>\n<\/div><\/div>\n\n\n\n<hr class=\"wp-block-separator has-alpha-channel-opacity\"\/>\n\n\n\n<p class=\"has-text-align-center has-black-color has-cyan-bluish-gray-background-color has-text-color has-background has-medium-font-size\"><strong>Le Dog Dancing<\/strong><\/p>\n\n\n\n<div class=\"wp-block-media-text is-stacked-on-mobile\" style=\"grid-template-columns:18% auto\"><figure class=\"wp-block-media-text__media\"><img loading=\"lazy\" decoding=\"async\" width=\"434\" height=\"567\" src=\"https:\/\/www.club-canin-erstein.fr\/wp-content\/uploads\/2023\/09\/Marie-France.jpg\" alt=\"\" class=\"wp-image-650 size-medium\" srcset=\"https:\/\/www.club-canin-erstein.fr\/wp-content\/uploads\/2023\/09\/Marie-France.jpg 434w, https:\/\/www.club-canin-erstein.fr\/wp-content\/uploads\/2023\/09\/Marie-France-230x300.jpg 230w\" sizes=\"auto, (max-width: 434px) 100vw, 434px\" \/><\/figure><div class=\"wp-block-media-text__content\">\n<p><strong>Marie-France Mattern<\/strong><\/p>\n\n\n\n<p>Responsable Dog Dancing<br><\/p>\n<\/div><\/div>\n\n\n\n<hr class=\"wp-block-separator has-alpha-channel-opacity\"\/>\n","protected":false},"excerpt":{"rendered":"<p>L&rsquo;\u00e9cole des chiots Christine Muller Monitrice. L&rsquo;\u00e9ducation canine L&rsquo;agility L&rsquo;IGP Le pistage F.H. Bernard Schneider Responsable pistage F.H. L&lsquo;Obeissance Thierry&hellip;<\/p>\n","protected":false},"author":1,"featured_media":0,"parent":0,"menu_order":0,"comment_status":"closed","ping_status":"closed","template":"","meta":{"footnotes":""},"class_list":["post-453","page","type-page","status-publish","hentry"],"_links":{"self":[{"href":"https:\/\/www.club-canin-erstein.fr\/index.php\/wp-json\/wp\/v2\/pages\/453","targetHints":{"allow":["GET"]}}],"collection":[{"href":"https:\/\/www.club-canin-erstein.fr\/index.php\/wp-json\/wp\/v2\/pages"}],"about":[{"href":"https:\/\/www.club-canin-erstein.fr\/index.php\/wp-json\/wp\/v2\/types\/page"}],"author":[{"embeddable":true,"href":"https:\/\/www.club-canin-erstein.fr\/index.php\/wp-json\/wp\/v2\/users\/1"}],"replies":[{"embeddable":true,"href":"https:\/\/www.club-canin-erstein.fr\/index.php\/wp-json\/wp\/v2\/comments?post=453"}],"version-history":[{"count":24,"href":"https:\/\/www.club-canin-erstein.fr\/index.php\/wp-json\/wp\/v2\/pages\/453\/revisions"}],"predecessor-version":[{"id":1207,"href":"https:\/\/www.club-canin-erstein.fr\/index.php\/wp-json\/wp\/v2\/pages\/453\/revisions\/1207"}],"wp:attachment":[{"href":"https:\/\/www.club-canin-erstein.fr\/index.php\/wp-json\/wp\/v2\/media?parent=453"}],"curies":[{"name":"wp","href":"https:\/\/api.w.org\/{rel}","templated":true}]}}