{"id":473,"date":"2023-03-06T23:27:05","date_gmt":"2023-03-06T22:27:05","guid":{"rendered":"http:\/\/www.club-canin-erstein.fr\/?page_id=473"},"modified":"2023-03-07T23:28:09","modified_gmt":"2023-03-07T22:28:09","slug":"le-pistage-f-h","status":"publish","type":"page","link":"https:\/\/www.club-canin-erstein.fr\/index.php\/le-pistage-f-h\/","title":{"rendered":"Le pistage F.H."},"content":{"rendered":"\n<p style=\"font-size:18px\">Le pistage FH est une discipline canine officielle de la\u00a0<strong>F<\/strong>\u00e9d\u00e9ration\u00a0<strong>C<\/strong>ynologique\u00a0<strong>I<\/strong>nternationale.<\/p>\n\n\n\n<p><\/p>\n\n\n\n<p class=\"has-text-align-center has-black-color has-cyan-bluish-gray-background-color has-text-color has-background\"><strong>Quand<\/strong> <strong>?<\/strong><\/p>\n\n\n\n<ul class=\"wp-block-list\">\n<li>Dimanche de 8h \u00e0 11h30 + entrainements sp\u00e9cifiques \u00e0 convenir avec les pratiquants.<\/li>\n<\/ul>\n\n\n\n<p class=\"has-text-align-center has-black-color has-cyan-bluish-gray-background-color has-text-color has-background\"><strong>Qu<\/strong>i <strong>?<\/strong><\/p>\n\n\n\n<p class=\"has-text-align-center\" style=\"font-size:18px\">Tout chien inscrit au livre des origines fran\u00e7ais (LOF).<br><\/p>\n\n\n\n<p class=\"has-text-align-center has-black-color has-pale-cyan-blue-background-color has-text-color has-background has-medium-font-size\">Le r\u00e8glement<\/p>\n\n\n\n<p class=\"has-text-align-center has-medium-font-size\"><a rel=\"noreferrer noopener\" href=\"http:\/\/centrale-canine.fr\/sites\/default\/files\/2018-11\/REGLEMENT IGP - 2019.pdf\" target=\"_blank\">Le r\u00e8glement 2019 complet ici<\/a><\/p>\n\n\n\n<p class=\"has-text-align-center has-black-color has-pale-cyan-blue-background-color has-text-color has-background has-medium-font-size\">L&rsquo;objectif<\/p>\n\n\n\n<p>Le sens olfactif du chien est fortement canalis\u00e9 pour qu&rsquo;il suivre une trace faite \u00e0 l\u2019avance par un traceur, et dont le chien n\u2019aura pas le droit de s\u2019\u00e9carter.<br>La piste sera garnie d&rsquo;objet que le chien devra marquer. La difficult\u00e9 entre les diff\u00e9rents \u00e9chelons r\u00e9side dans le temps entre la pose de la piste et le moment ou elle est relev\u00e9e, dans la figure du trac\u00e9 (angles droits et aigus), du nombre d\u2019objets qu&rsquo;elle contient ainsi que la pr\u00e9sence de fausse piste.<\/p>\n\n\n\n<p class=\"has-text-align-center has-black-color has-pale-cyan-blue-background-color has-text-color has-background has-medium-font-size\">Les niveaux<\/p>\n\n\n\n<p class=\"has-text-align-center has-cyan-bluish-gray-background-color has-background has-medium-font-size\"><strong>Certificat<\/strong><\/p>\n\n\n\n<p style=\"font-size:15px\">\u2013 Longueur de piste 600 pas, 3 angles droits, un angle aigu.<br>\u2013 Marquage de 3 objets.<br>\u2013 Anciennet\u00e9 de la piste : 90 minutes.<br><\/p>\n\n\n\n<p class=\"has-text-align-center has-cyan-bluish-gray-background-color has-background has-medium-font-size\"><strong>FH 1<\/strong><\/p>\n\n\n\n<p style=\"font-size:15px\">\u2013 Longueur de piste 1200 pas, 6 angles droits.<br>\u2013 Marquage de 4 objets.<br>\u2013 Anciennet\u00e9 de la piste : 120 minutes.<br>\u2013 Fausse piste : 30 minutes avant le d\u00e9part.<br><\/p>\n\n\n\n<p class=\"has-text-align-center has-cyan-bluish-gray-background-color has-background has-medium-font-size\"><strong>FH 2<\/strong><\/p>\n\n\n\n<p style=\"font-size:15px\">\u2013 Longueur minimum 1800 pas, 7 angles droits, 2 angles aigus.<br>\u2013 Marquage de 7 objets.<br>\u2013 Anciennet\u00e9 de la piste : 180 minutes.<br>\u2013 Fausse piste : 30 minutes avant le d\u00e9part.<br><\/p>\n\n\n\n<p class=\"has-text-align-center has-cyan-bluish-gray-background-color has-background has-medium-font-size\"><strong>FH 3<\/strong><\/p>\n\n\n\n<p style=\"font-size:15px\">\u2013 2 pistes de 1800 pas, \u00e0 deux endroits diff\u00e9rents.<br>&#8211; 2 traceurs diff\u00e9rents sur 2 jours lors du m\u00eame concours.<br>&#8211; 7 angles droits, 2 angles aigus.<br>\u2013 Marquage de 7 objets.<br>\u2013 Anciennet\u00e9 de la piste : 180 minutes.<br>\u2013 Fausse piste : 30 minutes avant le d\u00e9part.<br><\/p>\n","protected":false},"excerpt":{"rendered":"<p>Le pistage FH est une discipline canine officielle de la\u00a0F\u00e9d\u00e9ration\u00a0Cynologique\u00a0Internationale. Quand ? Qui ? Tout chien inscrit au livre des&hellip;<\/p>\n","protected":false},"author":1,"featured_media":0,"parent":0,"menu_order":0,"comment_status":"closed","ping_status":"closed","template":"","meta":{"footnotes":""},"class_list":["post-473","page","type-page","status-publish","hentry"],"_links":{"self":[{"href":"https:\/\/www.club-canin-erstein.fr\/index.php\/wp-json\/wp\/v2\/pages\/473","targetHints":{"allow":["GET"]}}],"collection":[{"href":"https:\/\/www.club-canin-erstein.fr\/index.php\/wp-json\/wp\/v2\/pages"}],"about":[{"href":"https:\/\/www.club-canin-erstein.fr\/index.php\/wp-json\/wp\/v2\/types\/page"}],"author":[{"embeddable":true,"href":"https:\/\/www.club-canin-erstein.fr\/index.php\/wp-json\/wp\/v2\/users\/1"}],"replies":[{"embeddable":true,"href":"https:\/\/www.club-canin-erstein.fr\/index.php\/wp-json\/wp\/v2\/comments?post=473"}],"version-history":[{"count":4,"href":"https:\/\/www.club-canin-erstein.fr\/index.php\/wp-json\/wp\/v2\/pages\/473\/revisions"}],"predecessor-version":[{"id":480,"href":"https:\/\/www.club-canin-erstein.fr\/index.php\/wp-json\/wp\/v2\/pages\/473\/revisions\/480"}],"wp:attachment":[{"href":"https:\/\/www.club-canin-erstein.fr\/index.php\/wp-json\/wp\/v2\/media?parent=473"}],"curies":[{"name":"wp","href":"https:\/\/api.w.org\/{rel}","templated":true}]}}