{"id":62,"date":"2021-05-14T15:29:19","date_gmt":"2021-05-14T13:29:19","guid":{"rendered":"http:\/\/www.club-canin-erstein.fr\/?page_id=62"},"modified":"2026-02-01T22:19:51","modified_gmt":"2026-02-01T21:19:51","slug":"accueil","status":"publish","type":"page","link":"https:\/\/www.club-canin-erstein.fr\/","title":{"rendered":"Bienvenue sur le site du club canin d&rsquo;Erstein."},"content":{"rendered":"<div class=\"ditty ditty--pre\" data-id=\"1231\" data-uniqid=\"ditty-69d59ab9120c0\"><\/div>\n\n\n\n<p class=\"has-text-align-center has-medium-font-size\"><br>Amis cynophiles, le club canin d&rsquo;Erstein est heureux de vous accueillir dans sa structure, et de vous proposer diff\u00e9rentes activit\u00e9s, d\u00e9taill\u00e9es dans les onglets ci-dessus.<\/p>\n\n\n\n<p class=\"has-text-align-center has-medium-font-size\">Nouveau possesseur, futur comp\u00e9titeur, ou simplement d\u00e9sireux de compl\u00e9ter l&rsquo;\u00e9ducation de son compagnon \u00e0 4 pattes, le club vous accompagne dans votre d\u00e9marche.<br><\/p>\n\n\n\n<p class=\"has-text-align-center has-small-font-size\">Formulaire d&rsquo;inscription<br>(Cliquez sur l&rsquo;image ci-dessous)<\/p>\n\n\n<div class=\"wp-block-image\">\n<figure class=\"aligncenter size-full is-resized\"><a href=\"https:\/\/www.club-canin-erstein.fr\/wp-content\/uploads\/2025\/12\/Formulaire-inscription-TCCE.pdf\"><img loading=\"lazy\" decoding=\"async\" width=\"190\" height=\"284\" src=\"https:\/\/www.club-canin-erstein.fr\/wp-content\/uploads\/2025\/12\/image-formulaire-inscription-3.png\" alt=\"\" class=\"wp-image-1217\" style=\"width:139px;height:auto\"\/><\/a><\/figure>\n<\/div>\n\n\n<p class=\"has-text-align-center has-medium-font-size\"><a href=\"https:\/\/www.club-canin-erstein.fr\/index.php\/les-activites\/\" data-type=\"URL\" data-id=\"https:\/\/www.club-canin-erstein.fr\/index.php\/les-activites\/\"><br>Les activit\u00e9s ludiques que vous propose le club sont d\u00e9crites ici.<\/a><br><a href=\"https:\/\/www.club-canin-erstein.fr\/index.php\/les-disciplines\/\" data-type=\"URL\" data-id=\"https:\/\/www.club-canin-erstein.fr\/index.php\/les-disciplines\/\">Les disciplines sportives canines pratiqu\u00e9es par le club sont expos\u00e9es ici.<br><\/a><br><\/p>\n\n\n\n<p class=\"has-medium-font-size\"><strong>Calendrier 2026 <\/strong>:<\/p>\n\n\n\n<ul class=\"wp-block-list\">\n<li>21-22 Mars : Stage Dog-Dancing.<\/li>\n\n\n\n<li>22 Mars : Concours Obeissance.<\/li>\n\n\n\n<li>18 Avril : <strong><em>Journ\u00e9e de travail<\/em>.<\/strong><\/li>\n\n\n\n<li>18 Juillet : <strong><em>Journ\u00e9e de travail<\/em>.<\/strong><\/li>\n\n\n\n<li>25-26 Juillet : CACIT.<\/li>\n\n\n\n<li>21-23 Ao\u00fbt : CACS.<\/li>\n\n\n\n<li>29-30 Ao\u00fbt : Concours Dog-Dancing (organis\u00e9 par le club d\u2019Obernai)<\/li>\n\n\n\n<li>26-27 Septembre : Concours agility.<\/li>\n\n\n\n<li>10 Octobre : <em><strong>Journ\u00e9e de travail<\/strong><\/em><\/li>\n<\/ul>\n\n\n\n<p><\/p>\n","protected":false},"excerpt":{"rendered":"<p>Amis cynophiles, le club canin d&rsquo;Erstein est heureux de vous accueillir dans sa structure, et de vous proposer diff\u00e9rentes activit\u00e9s,&hellip;<\/p>\n","protected":false},"author":1,"featured_media":0,"parent":0,"menu_order":0,"comment_status":"closed","ping_status":"closed","template":"","meta":{"footnotes":""},"class_list":["post-62","page","type-page","status-publish","hentry"],"_links":{"self":[{"href":"https:\/\/www.club-canin-erstein.fr\/index.php\/wp-json\/wp\/v2\/pages\/62","targetHints":{"allow":["GET"]}}],"collection":[{"href":"https:\/\/www.club-canin-erstein.fr\/index.php\/wp-json\/wp\/v2\/pages"}],"about":[{"href":"https:\/\/www.club-canin-erstein.fr\/index.php\/wp-json\/wp\/v2\/types\/page"}],"author":[{"embeddable":true,"href":"https:\/\/www.club-canin-erstein.fr\/index.php\/wp-json\/wp\/v2\/users\/1"}],"replies":[{"embeddable":true,"href":"https:\/\/www.club-canin-erstein.fr\/index.php\/wp-json\/wp\/v2\/comments?post=62"}],"version-history":[{"count":46,"href":"https:\/\/www.club-canin-erstein.fr\/index.php\/wp-json\/wp\/v2\/pages\/62\/revisions"}],"predecessor-version":[{"id":1265,"href":"https:\/\/www.club-canin-erstein.fr\/index.php\/wp-json\/wp\/v2\/pages\/62\/revisions\/1265"}],"wp:attachment":[{"href":"https:\/\/www.club-canin-erstein.fr\/index.php\/wp-json\/wp\/v2\/media?parent=62"}],"curies":[{"name":"wp","href":"https:\/\/api.w.org\/{rel}","templated":true}]}}