{"id":64,"date":"2021-05-14T15:29:19","date_gmt":"2021-05-14T13:29:19","guid":{"rendered":"http:\/\/www.club-canin-erstein.fr\/?page_id=64"},"modified":"2022-08-11T22:34:55","modified_gmt":"2022-08-11T20:34:55","slug":"leveil-canin","status":"publish","type":"page","link":"https:\/\/www.club-canin-erstein.fr\/index.php\/leveil-canin\/","title":{"rendered":"L&rsquo;\u00e9veil canin"},"content":{"rendered":"\n<p>L\u2019\u00e9ducation de nos compagnons \u00e0 4 pattes par les enfants.<\/p>\n\n\n\n<p class=\"has-text-align-center has-black-color has-cyan-bluish-gray-background-color has-text-color has-background\"><strong>Quand<\/strong> <strong>?<\/strong><\/p>\n\n\n\n<ul class=\"wp-block-list\" style=\"font-size:15px\"><li>Samedi de 13h30 \u00e0 14h30<\/li><\/ul>\n\n\n\n<p class=\"has-text-align-center has-black-color has-cyan-bluish-gray-background-color has-text-color has-background\"><strong>Qui<\/strong> <strong>?<\/strong><\/p>\n\n\n\n<p>Les enfants de 8 \u00e0 13 ans.<\/p>\n\n\n\n<p class=\"has-text-align-center has-black-color has-pale-cyan-blue-background-color has-text-color has-background has-medium-font-size\">L&rsquo;objectif<\/p>\n\n\n\n<p style=\"font-size:15px\">L\u2019\u00e9ducation canine n\u2019est pas r\u00e9serv\u00e9e aux adultes. Pour les enfants de 8 \u00e0 13 ans qui souhaitent renforcer le lien avec leur compagnon \u00e0 4 pattes, Sabine saura transmettre tout son savoir \u00e0 nos ch\u00e8res t\u00eates blondes, avec une p\u00e9dagogie adapt\u00e9e \u00e0 chacun.<\/p>\n","protected":false},"excerpt":{"rendered":"<p>L\u2019\u00e9ducation de nos compagnons \u00e0 4 pattes par les enfants. Quand ? Samedi de 13h30 \u00e0 14h30 Qui ? Les&hellip;<\/p>\n","protected":false},"author":1,"featured_media":0,"parent":0,"menu_order":0,"comment_status":"closed","ping_status":"closed","template":"","meta":{"footnotes":""},"class_list":["post-64","page","type-page","status-publish","hentry"],"_links":{"self":[{"href":"https:\/\/www.club-canin-erstein.fr\/index.php\/wp-json\/wp\/v2\/pages\/64","targetHints":{"allow":["GET"]}}],"collection":[{"href":"https:\/\/www.club-canin-erstein.fr\/index.php\/wp-json\/wp\/v2\/pages"}],"about":[{"href":"https:\/\/www.club-canin-erstein.fr\/index.php\/wp-json\/wp\/v2\/types\/page"}],"author":[{"embeddable":true,"href":"https:\/\/www.club-canin-erstein.fr\/index.php\/wp-json\/wp\/v2\/users\/1"}],"replies":[{"embeddable":true,"href":"https:\/\/www.club-canin-erstein.fr\/index.php\/wp-json\/wp\/v2\/comments?post=64"}],"version-history":[{"count":10,"href":"https:\/\/www.club-canin-erstein.fr\/index.php\/wp-json\/wp\/v2\/pages\/64\/revisions"}],"predecessor-version":[{"id":368,"href":"https:\/\/www.club-canin-erstein.fr\/index.php\/wp-json\/wp\/v2\/pages\/64\/revisions\/368"}],"wp:attachment":[{"href":"https:\/\/www.club-canin-erstein.fr\/index.php\/wp-json\/wp\/v2\/media?parent=64"}],"curies":[{"name":"wp","href":"https:\/\/api.w.org\/{rel}","templated":true}]}}