{"id":66,"date":"2021-05-14T15:29:19","date_gmt":"2021-05-14T13:29:19","guid":{"rendered":"http:\/\/www.club-canin-erstein.fr\/?page_id=66"},"modified":"2023-06-21T20:26:23","modified_gmt":"2023-06-21T18:26:23","slug":"lagility","status":"publish","type":"page","link":"https:\/\/www.club-canin-erstein.fr\/index.php\/lagility\/","title":{"rendered":"L&rsquo;agility"},"content":{"rendered":"\n<p style=\"font-size:15px\">L\u2019agility est une discipline canine ouverte \u00e0 tous les chiens sans distinction de races. D\u2019apparence ludique, cette pratique n\u00e9cessite au pr\u00e9alable une \u00e9ducation de base pour le chien, et une bonne condition physique pour le conducteur. Il s\u2019agira pour l\u2019\u00e9quipe (homme-chien), d\u2019apprendre \u00e0 n\u00e9gocier un certain nombre d\u2019obstacles pour pouvoir r\u00e9aliser des parcours vari\u00e9s.<br>La perfection et la vitesse d\u2019ex\u00e9cution constituent les deux principales difficult\u00e9s d\u2019une discipline bas\u00e9e sur une bonne complicit\u00e9 entre l\u2019homme et le chien.<br>Alors vite \u00e0 vos baskets et vive l\u2019aventure avec votre compagnon \u00e0 4 pattes.<\/p>\n\n\n\n<p class=\"has-text-align-center has-black-color has-cyan-bluish-gray-background-color has-text-color has-background has-normal-font-size\"><strong>Quand ?<\/strong><\/p>\n\n\n\n<ul class=\"wp-block-list\" style=\"font-size:15px\">\n<li>Lundi de 18h30 \u00e0 20h30 (<em>D\u00e9butants<\/em>).<\/li>\n\n\n\n<li>Mercredi de 18h30 \u00e0 21h00 (<em>Comp\u00e9titeurs<\/em>).<\/li>\n\n\n\n<li>Vendredi de 18h30 \u00e0 21h00 (<em>Comp\u00e9titeurs<\/em>).<\/li>\n<\/ul>\n\n\n\n<p class=\"has-text-align-center has-black-color has-cyan-bluish-gray-background-color has-text-color has-background has-normal-font-size\"><strong>Qui ?<\/strong><\/p>\n\n\n\n<p style=\"font-size:15px\">Tous les chiens ayant le niveau \u00ab&nbsp;jaune&nbsp;\u00bb en \u00e9ducation canine (<a href=\"http:\/\/web.archive.org\/web\/20201020052352\/http:\/\/club-canin-erstein.fr\/index.php\/leducation-canine\/\">voir ici<\/a>)<br><\/p>\n\n\n\n<p class=\"has-text-align-center has-black-color has-pale-cyan-blue-background-color has-text-color has-background has-medium-font-size\">Le r\u00e8glement<\/p>\n\n\n\n<p class=\"has-text-align-center\"><a href=\"http:\/\/activites-canines.com\/agility\/reglement\/\" data-type=\"URL\" data-id=\"http:\/\/activites-canines.com\/agility\/reglement\/\" target=\"_blank\" rel=\"noreferrer noopener\">Le r\u00e8glement complet ici<\/a><\/p>\n\n\n\n<p class=\"has-text-align-center has-black-color has-pale-cyan-blue-background-color has-text-color has-background has-medium-font-size\">Les obstacles<\/p>\n","protected":false},"excerpt":{"rendered":"<p>L\u2019agility est une discipline canine ouverte \u00e0 tous les chiens sans distinction de races. D\u2019apparence ludique, cette pratique n\u00e9cessite au&hellip;<\/p>\n","protected":false},"author":1,"featured_media":0,"parent":0,"menu_order":0,"comment_status":"closed","ping_status":"closed","template":"","meta":{"footnotes":""},"class_list":["post-66","page","type-page","status-publish","hentry"],"_links":{"self":[{"href":"https:\/\/www.club-canin-erstein.fr\/index.php\/wp-json\/wp\/v2\/pages\/66","targetHints":{"allow":["GET"]}}],"collection":[{"href":"https:\/\/www.club-canin-erstein.fr\/index.php\/wp-json\/wp\/v2\/pages"}],"about":[{"href":"https:\/\/www.club-canin-erstein.fr\/index.php\/wp-json\/wp\/v2\/types\/page"}],"author":[{"embeddable":true,"href":"https:\/\/www.club-canin-erstein.fr\/index.php\/wp-json\/wp\/v2\/users\/1"}],"replies":[{"embeddable":true,"href":"https:\/\/www.club-canin-erstein.fr\/index.php\/wp-json\/wp\/v2\/comments?post=66"}],"version-history":[{"count":9,"href":"https:\/\/www.club-canin-erstein.fr\/index.php\/wp-json\/wp\/v2\/pages\/66\/revisions"}],"predecessor-version":[{"id":554,"href":"https:\/\/www.club-canin-erstein.fr\/index.php\/wp-json\/wp\/v2\/pages\/66\/revisions\/554"}],"wp:attachment":[{"href":"https:\/\/www.club-canin-erstein.fr\/index.php\/wp-json\/wp\/v2\/media?parent=66"}],"curies":[{"name":"wp","href":"https:\/\/api.w.org\/{rel}","templated":true}]}}