{"id":69,"date":"2021-05-14T15:29:19","date_gmt":"2021-05-14T13:29:19","guid":{"rendered":"http:\/\/www.club-canin-erstein.fr\/?page_id=69"},"modified":"2025-12-30T15:59:07","modified_gmt":"2025-12-30T14:59:07","slug":"li-g-p","status":"publish","type":"page","link":"https:\/\/www.club-canin-erstein.fr\/index.php\/li-g-p\/","title":{"rendered":"L&rsquo;I.G.P.   (Internationale Gebrauchshunde Pr\u00fcfungsordnung)"},"content":{"rendered":"\n<p style=\"font-size:15px\">Trois \u00e9preuves en une seule discipline, trois d\u00e9veloppements diff\u00e9rents de complicit\u00e9s avec son chien, trois approches diff\u00e9rentes du travail cynophile.<\/p>\n\n\n\n<p class=\"has-text-align-center has-black-color has-cyan-bluish-gray-background-color has-text-color has-background\"><strong>Quand<\/strong> <strong>?<\/strong><\/p>\n\n\n\n<ul style=\"font-size:15px\" class=\"wp-block-list\">\n<li><strong>Pistage : <\/strong>Dimanche de 9h \u00e0 11h30.<\/li>\n\n\n\n<li><strong>Ob\u00e9issance : <\/strong>Mercredi de 18h30 \u00e0 20h et Samedi de 14h \u00e0 16h.<\/li>\n\n\n\n<li><strong>D\u00e9fense : <\/strong>Mercredi de 20h \u00e0 22h30 et Samedi de 16h \u00e0 18h.<\/li>\n<\/ul>\n\n\n\n<p class=\"has-text-align-center has-black-color has-cyan-bluish-gray-background-color has-text-color has-background\"><strong>Qu<\/strong>i <strong>?<\/strong><\/p>\n\n\n\n<p style=\"font-size:15px\">Tout chien LOF, autoris\u00e9 \u00e0 la pratique du mordant. La liste&nbsp;<a href=\"http:\/\/web.archive.org\/web\/20201020054818\/http:\/\/cun-cbg.com\/La_CUN\/habilitation_mordant.php\">ici.<\/a><br><\/p>\n\n\n\n<p class=\"has-text-align-center has-black-color has-pale-cyan-blue-background-color has-text-color has-background has-medium-font-size\">Le r\u00e8glement<\/p>\n\n\n\n<p class=\"has-text-align-center has-medium-font-size\"><a href=\"https:\/\/www.club-canin-erstein.fr\/wp-content\/uploads\/2024\/11\/reglement_IGP_IFH_2025.pdf\" target=\"_blank\" rel=\"noreferrer noopener\">Le r\u00e8glement I.G.P. 2025 complet ici<\/a><\/p>\n\n\n\n<p class=\"has-text-align-center has-black-color has-pale-cyan-blue-background-color has-text-color has-background has-medium-font-size\">L&rsquo;objectif<\/p>\n\n\n\n<ul style=\"font-size:15px\" class=\"wp-block-list\">\n<li><strong>La piste :<\/strong>&nbsp; Le sens olfactif du chien est fortement canalis\u00e9 lors de l&rsquo;apprentissage pour qu&rsquo;il suivre une trace faite \u00e0 l\u2019avance par un traceur, et dont le chien n\u2019aura pas le droit de s\u2019\u00e9carter.<br>La piste sera garnie d&rsquo;objets que le chien devra marquer. La difficult\u00e9 entre les diff\u00e9rents \u00e9chelons se situe au niveau du temps entre la pose de la piste et le moment ou elle est relev\u00e9e, ainsi que dans la figure du trac\u00e9.<\/li>\n\n\n\n<li><strong>L\u2019ob\u00e9issance :<\/strong>&nbsp;Il s\u2019agit d\u2019ex\u00e9cuter des exercices dits d&rsquo;assouplissement, \u00e0 savoir de la marche au pied avec des positions d\u2019assis, debout ou couch\u00e9, ou encore des rapports d\u2019objet simple ou avec saut ou avec escalade. La difficult\u00e9 r\u00e9side \u00e0 pr\u00e9senter ces exercices avec pr\u00e9cision et promptitude tout en faisant appara\u00eetre la joie du chien a effectuer les \u00e9preuves.<\/li>\n\n\n\n<li><strong>La d\u00e9fense :<\/strong>&nbsp;&nbsp;L\u2019\u00e9preuve consiste, \u00e0 travers des exercices de simulations d&rsquo;agressions par un homme d&rsquo;attaque, \u00e0 juger le courage, la combativit\u00e9, l\u2019ob\u00e9issance du chien aux ordres du ma\u00eetre. L\u2019homme d\u2019attaque, de par des gestes et des attitudes mena\u00e7antes, doit faire ressortir les qualit\u00e9s naturelles du chien qui est conditionn\u00e9 \u00e0 mordre uniquement la&nbsp;<strong>manche<\/strong>. Le juge appr\u00e9cie la qualit\u00e9 du mordant, au niveau de la prise, l\u2019impact, la profondeur de la gueule, fermet\u00e9 et attitude du chien \u00e0 la vigilance et garde,<\/li>\n<\/ul>\n\n\n\n<p class=\"has-text-align-center has-black-color has-pale-cyan-blue-background-color has-text-color has-background has-medium-font-size\">Les niveaux<\/p>\n\n\n\n<p class=\"has-text-align-center has-cyan-bluish-gray-background-color has-background has-medium-font-size\"><strong>I.G.P. 1<\/strong><\/p>\n\n\n\n<p style=\"font-size:15px\"><strong>Pistage :<\/strong><br>\u2013 Longueur minimum 300 pas, 2 angles droits<br>\u2013 Marquage de 3 objets<br>\u2013 Anciennet\u00e9 de la piste : 20mn <br><strong>Ob\u00e9issance :<\/strong><br> \u2013 Suite sans laisse \u2013 15 pts<br>\u2013 Assis pendant la marche \u2013 10 pts<br>\u2013 Couch\u00e9 avec rappel \u2013 10 pts<br>\u2013 Rapport d\u2019objet au sol \u2013 15 pts<br>\u2013 Saut de haie avec rapport d\u2019objet \u2013 15 pts<br>\u2013 Saut de palissade sans rapport d\u2019objet \u2013 15 pts<br>\u2013 Envoi en avant avec couch\u00e9 \u2013 10 pts<br>\u2013 Couch\u00e9 libre sous diversion \u2013 10 pts <br><strong>D\u00e9fense :<\/strong><br>\u2013 Qu\u00eate de l&rsquo;homme d&rsquo;attaque (1 cache) \u2013 5 pts<br>\u2013 Affrontement et aboiement \u2013 15 pts<br>\u2013 Tentative de fuite de l\u2019HA \u2013 20 pts<br>\u2013 D\u00e9fense du chien pendant la phase de garde \u2013 30 pts<br>\u2013 Attaque sur le chien pendant le mouvement \u2013 30 pts <\/p>\n\n\n\n<p class=\"has-text-align-center has-cyan-bluish-gray-background-color has-background has-medium-font-size\"><strong>I.G.P. 2<\/strong><\/p>\n\n\n\n<p style=\"font-size:15px\"><strong>Pistage<\/strong><br>\u2013 Longueur minimum 400 pas, 2 angles droits <br>\u2013 Marquage de 3 objets<br>\u2013 Anciennet\u00e9 de la piste : 30mn <br><strong>Ob\u00e9issance<\/strong><br> \u2013 Suite sans laisse \u2013 15 pts<br>\u2013 Assis pendant la marche \u2013 10 pts<br>\u2013 Couch\u00e9 avec rappel \u2013 10 pts<br>\u2013 Debout pendant la marche \u2013 5 pts<br>\u2013 Rapport d\u2019objet au sol \u2013 10 pts<br>\u2013 Saut de haie avec rapport d\u2019objet \u2013 15 pts<br>\u2013 Saut de palissade sans rapport d\u2019objet \u2013 15 pts<br>\u2013 Envoi en avant avec couch\u00e9 \u2013 10 pts<br>\u2013 Couch\u00e9 libre sous diversion \u2013 10 pts <br><strong>D\u00e9fense<\/strong><br>\u2013 Qu\u00eate (4 caches) \u2013 5 pts<br>\u2013 Affrontement et aboiement \u2013 15 pts<br>\u2013 Tentative de fuite de l\u2019HA \u2013 15 pts<br>\u2013 D\u00e9fense du chien pendant la phase de garde \u2013 20 pts<br>\u2013 Conduite de dos \u2013 5 pts <br>\u2013 Attaque sur le chien pendant le mouvement \u2013 20 pts <br>\u2013 D\u00e9fense du chien pendant la phase de garde \u2013 20 pts <\/p>\n\n\n\n<p class=\"has-text-align-center has-cyan-bluish-gray-background-color has-background has-medium-font-size\"><strong>I.G.P. 3<\/strong><\/p>\n\n\n\n<p style=\"font-size:15px\"><strong>Pistage<\/strong><br>\u2013  Longueur minimum 600 pas, 4 angles droits<br>\u2013  Marquage de 3 objets<br>\u2013 Anciennet\u00e9 de la piste : 60mn <br><strong>Ob\u00e9issance<\/strong><br>\u2013 Suite sans laisse \u2013 15 pts<br>\u2013 Assis pendant la marche \u2013 5 pts<br>\u2013 Couch\u00e9 avec rappel \u2013 10 pts<br>\u2013 Debout pendant la marche au pas de course \u2013 10 pts<br>\u2013 Rapport d\u2019objet au sol \u2013 10 pts<br>\u2013 Saut de haie avec rapport d\u2019objet \u2013 15 pts<br>\u2013 Saut de palissade sans rapport d\u2019objet \u2013 15 pts<br>\u2013 Envoi en avant avec couch\u00e9 \u2013 10 pts<br>\u2013 Couch\u00e9 libre sous diversion \u2013 10 pts<br><strong>D\u00e9fense<\/strong><br>\u2013 Qu\u00eate (6 caches) \u2013 10 pts<br>\u2013 Affrontement et aboiement \u2013 15 pts<br>\u2013 Tentative de fuite de l\u2019HA \u2013 10 pts<br>\u2013 D\u00e9fense du chien pendant la phase de garde \u2013 15 pts<br>\u2013 Conduite de dos \u2013 5 pts <br>\u2013 Attaque pendant la conduite de dos \u2013 15 pts<br>\u2013 Attaque sur le chien pendant le mouvement \u2013 15 pts <br>\u2013 D\u00e9fense du chien pendant la phase de garde \u2013 15 pts<\/p>\n","protected":false},"excerpt":{"rendered":"<p>Trois \u00e9preuves en une seule discipline, trois d\u00e9veloppements diff\u00e9rents de complicit\u00e9s avec son chien, trois approches diff\u00e9rentes du travail cynophile.&hellip;<\/p>\n","protected":false},"author":1,"featured_media":0,"parent":0,"menu_order":0,"comment_status":"closed","ping_status":"closed","template":"","meta":{"footnotes":""},"class_list":["post-69","page","type-page","status-publish","hentry"],"_links":{"self":[{"href":"https:\/\/www.club-canin-erstein.fr\/index.php\/wp-json\/wp\/v2\/pages\/69","targetHints":{"allow":["GET"]}}],"collection":[{"href":"https:\/\/www.club-canin-erstein.fr\/index.php\/wp-json\/wp\/v2\/pages"}],"about":[{"href":"https:\/\/www.club-canin-erstein.fr\/index.php\/wp-json\/wp\/v2\/types\/page"}],"author":[{"embeddable":true,"href":"https:\/\/www.club-canin-erstein.fr\/index.php\/wp-json\/wp\/v2\/users\/1"}],"replies":[{"embeddable":true,"href":"https:\/\/www.club-canin-erstein.fr\/index.php\/wp-json\/wp\/v2\/comments?post=69"}],"version-history":[{"count":28,"href":"https:\/\/www.club-canin-erstein.fr\/index.php\/wp-json\/wp\/v2\/pages\/69\/revisions"}],"predecessor-version":[{"id":1259,"href":"https:\/\/www.club-canin-erstein.fr\/index.php\/wp-json\/wp\/v2\/pages\/69\/revisions\/1259"}],"wp:attachment":[{"href":"https:\/\/www.club-canin-erstein.fr\/index.php\/wp-json\/wp\/v2\/media?parent=69"}],"curies":[{"name":"wp","href":"https:\/\/api.w.org\/{rel}","templated":true}]}}